{"id":29,"date":"2023-11-01T14:31:01","date_gmt":"2023-11-01T13:31:01","guid":{"rendered":"https:\/\/infodigital-dijon.fr\/?page_id=29"},"modified":"2024-04-09T12:19:26","modified_gmt":"2024-04-09T10:19:26","slug":"entreprises","status":"publish","type":"page","link":"https:\/\/infodigital-dijon.fr\/index.php\/entreprises\/","title":{"rendered":"Entreprises"},"content":{"rendered":"\n<div style=\"height:44px\" aria-hidden=\"true\" class=\"wp-block-spacer\"><\/div>\n\n\n\n<div class=\"service-block\">\n  <h2 style=\"text-align: center;\">Services Informatiques Professionnels \u00e0 <strong>Dijon<\/strong> &#8211; Info-Digital<\/h2>\n  <p style=\"text-align: center;\">Chez <strong>Info-Digital<\/strong>, nous offrons une gamme compl\u00e8te de <strong>services informatiques pour les entreprises<\/strong> \u00e0 Dijon. Sp\u00e9cialis\u00e9s en efficacit\u00e9, s\u00e9curit\u00e9 et optimisation, nos solutions assurent une infrastructure informatique robuste et adaptable.<\/p>\n  \n  <div class=\"service-item\">\n    <h3 style=\"text-align: center;\">Gestion et Maintenance des Parcs Informatiques \ud83d\udee0\ufe0f<\/h3>\n    <ul class=\"service-list\">\n      <li><strong>Contrats de Maintenance Personnalis\u00e9s \ud83d\udcdd:<\/strong> Services adapt\u00e9s \u00e0 vos besoins uniques.<\/li>\n      <li><strong>Surveillance Proactive et Support Technique D\u00e9di\u00e9 \ud83d\udcbb:<\/strong> Performance optimale de vos syst\u00e8mes informatiques.<\/li>\n      <li><strong>Mises \u00e0 Jour et S\u00e9curit\u00e9 Logicielles \ud83d\udd12:<\/strong> S\u00e9curisation et actualisation constantes de vos logiciels.<\/li>\n      <li><strong>Installation et Gestion de Serveurs et R\u00e9seaux \ud83c\udf10:<\/strong> Solutions fiables pour infrastructures essentielles.<\/li>\n      <li><strong>Solutions de Serveur Externalis\u00e9 \u2601\ufe0f:<\/strong> Services cloud s\u00e9curis\u00e9s incluant applications m\u00e9tier.<\/li>\n      <li><strong>Sauvegarde et R\u00e9cup\u00e9ration de Donn\u00e9es S\u00e9curis\u00e9es \ud83d\udee1\ufe0f:<\/strong> Protection de vos donn\u00e9es critiques.<\/li>\n      <li><strong>Optimisation par Machines Virtuelles \ud83d\udda5\ufe0f:<\/strong> Am\u00e9lioration de l\u2019efficacit\u00e9 op\u00e9rationnelle.<\/li>\n      <li><strong>Protection et C\u00e2blage du R\u00e9seau \ud83c\udf10:<\/strong> Connectivit\u00e9 fiable et s\u00e9curis\u00e9e.<\/li>\n      <li><strong>Mat\u00e9riel Informatique, Fibre et T\u00e9l\u00e9phonie \ud83d\udcde:<\/strong> Vente et installation compl\u00e8tes.<\/li>\n      <li><strong>Solutions d\u2019Impression et Conception Web \ud83d\udda8\ufe0f:<\/strong> Services de cr\u00e9ation et maintenance web.<\/li>\n      <li><strong>Optimisation SEO et Support Technique \ud83d\udd0d:<\/strong> Am\u00e9lioration de votre visibilit\u00e9 en ligne.<\/li>\n    <\/ul>\n  <\/div>\n\n  <div class=\"service-item\">\n    <h3 style=\"text-align: center;\">S\u00e9curit\u00e9 Informatique pour Professionnels \u00e0 Dijon \ud83d\udd10<\/h3>\n    <ul class=\"service-list\">\n      <li><strong>Audit et \u00c9valuation de la S\u00e9curit\u00e9 \ud83d\udcca:<\/strong> Identifiez et g\u00e9rez les vuln\u00e9rabilit\u00e9s.<\/li>\n      <li><strong>Protection contre Malwares et Attaques \ud83d\udee1\ufe0f:<\/strong> S\u00e9curit\u00e9 avanc\u00e9e contre les cybermenaces.<\/li>\n      <li><strong>Strat\u00e9gies de Pr\u00e9vention des Fuites de Donn\u00e9es \ud83d\udcbc:<\/strong> Protection des informations confidentielles.<\/li>\n      <li><strong>VPN, Pare-feu et Outils de S\u00e9curisation \ud83d\udd25:<\/strong> Renforcement de votre r\u00e9seau informatique.<\/li>\n    <\/ul>\n  <\/div>\n\n  <div class=\"service-item\">\n    <h3 style=\"text-align: center;\">Formation \u00e0 la S\u00e9curit\u00e9 Informatique \ud83c\udf93<\/h3>\n    <ul class=\"service-list\">\n      <li><strong>Formations Personnalis\u00e9es \ud83d\udcda:<\/strong> Cours sur mesure pour s\u00e9curiser votre entreprise.<\/li>\n    <\/ul>\n  <\/div>\n\n  <div class=\"service-item\">\n    <h3 style=\"text-align: center;\">Solutions Cloud pour Professionnels sur Dijon \u2601\ufe0f<\/h3>\n    <ul class=\"service-list\">\n      <li><strong>H\u00e9bergement S\u00e9curis\u00e9 de Donn\u00e9es \ud83d\udcc1:<\/strong> Garantie de s\u00e9curit\u00e9 et d&#8217;accessibilit\u00e9 pour vos donn\u00e9es.<\/li>\n      <li><strong>Solutions de Travail Collaboratif \ud83e\udd1d:<\/strong> Outils pour faciliter la collaboration \u00e0 distance.<\/li>\n      <li><strong>Sauvegardes Automatis\u00e9es dans le Cloud \ud83d\udd04:<\/strong> Protection continue de vos donn\u00e9es importantes.<\/li>\n      <li><strong>Migration et Gestion des Services Cloud \ud83d\ude80:<\/strong> Transition efficace vers des solutions cloud.<\/li>\n    <\/ul>\n  <\/div>\n<\/div>\n\n<style>\n  .service-block {\n    background: #ffffff;\n    border-radius: 15px;\n    padding: 30px;\n    margin: 20px auto;\n    box-shadow: 0 6px 15px rgba(0,0,0,0.05);\n    max-width: 900px;\n    color: #333;\n  }\n\n  .service-block h2 {\n    color: #0056b3;\n    font-size: 24px;\n    margin-bottom: 20px;\n  }\n\n  .service-item {\n    margin-bottom: 30px;\n  }\n\n  .service-item h3 {\n    color: #009688;\n    font-size: 20px;\n    margin-bottom: 15px;\n  }\n\n  .service-list {\n    list-style: none;\n    padding: 0;\n    text-align: left;\n    display: inline-block;\n    width: 100%;\n  }\n\n  .service-list li {\n    background: #e0f7fa;\n    margin-bottom: 10px;\n    padding: 15px;\n    border-radius: 10px;\n    box-shadow: 0 2px 4px rgba(0,0,0,0.1);\n  }\n\n  .service-list li strong {\n    color: #0077b6;\n    font-weight: 600;\n  }\n<\/style>\n","protected":false},"excerpt":{"rendered":"<p>Services Informatiques Professionnels \u00e0 Dijon &#8211; Info-Digital Chez Info-Digital, nous offrons une gamme compl\u00e8te de services informatiques pour les entreprises \u00e0 Dijon. Sp\u00e9cialis\u00e9s en efficacit\u00e9, s\u00e9curit\u00e9 et optimisation, nos solutions assurent une infrastructure informatique robuste et adaptable. Gestion et Maintenance des Parcs Informatiques \ud83d\udee0\ufe0f Contrats de Maintenance Personnalis\u00e9s \ud83d\udcdd: Services adapt\u00e9s \u00e0 vos besoins uniques. &hellip; <\/p>\n<p class=\"link-more\"><a href=\"https:\/\/infodigital-dijon.fr\/index.php\/entreprises\/\" class=\"more-link\">Continue reading<span class=\"screen-reader-text\"> &#8220;Entreprises&#8221;<\/span><\/a><\/p>\n","protected":false},"author":1,"featured_media":0,"parent":0,"menu_order":0,"comment_status":"closed","ping_status":"closed","template":"","meta":{"_regular_price":[],"currency_symbol":[],"footnotes":""},"class_list":["post-29","page","type-page","status-publish","hentry"],"post_slider_layout_featured_media_urls":{"thumbnail":"","post_slider_layout_landscape_large":"","post_slider_layout_portrait_large":"","post_slider_layout_square_large":"","post_slider_layout_landscape":"","post_slider_layout_portrait":"","post_slider_layout_square":"","full":""},"_links":{"self":[{"href":"https:\/\/infodigital-dijon.fr\/index.php\/wp-json\/wp\/v2\/pages\/29","targetHints":{"allow":["GET"]}}],"collection":[{"href":"https:\/\/infodigital-dijon.fr\/index.php\/wp-json\/wp\/v2\/pages"}],"about":[{"href":"https:\/\/infodigital-dijon.fr\/index.php\/wp-json\/wp\/v2\/types\/page"}],"author":[{"embeddable":true,"href":"https:\/\/infodigital-dijon.fr\/index.php\/wp-json\/wp\/v2\/users\/1"}],"replies":[{"embeddable":true,"href":"https:\/\/infodigital-dijon.fr\/index.php\/wp-json\/wp\/v2\/comments?post=29"}],"version-history":[{"count":30,"href":"https:\/\/infodigital-dijon.fr\/index.php\/wp-json\/wp\/v2\/pages\/29\/revisions"}],"predecessor-version":[{"id":302,"href":"https:\/\/infodigital-dijon.fr\/index.php\/wp-json\/wp\/v2\/pages\/29\/revisions\/302"}],"wp:attachment":[{"href":"https:\/\/infodigital-dijon.fr\/index.php\/wp-json\/wp\/v2\/media?parent=29"}],"curies":[{"name":"wp","href":"https:\/\/api.w.org\/{rel}","templated":true}]}}