{"id":39,"date":"2023-11-01T14:32:12","date_gmt":"2023-11-01T13:32:12","guid":{"rendered":"https:\/\/infodigital-dijon.fr\/?page_id=39"},"modified":"2024-04-09T14:15:20","modified_gmt":"2024-04-09T12:15:20","slug":"a-propos","status":"publish","type":"page","link":"https:\/\/infodigital-dijon.fr\/index.php\/a-propos\/","title":{"rendered":"A propos"},"content":{"rendered":"\n<style>\n    .about-container {\n        max-width: 800px;\n        margin: 0 auto;\n        padding: 40px;\n        background-color: #f9f9f9;\n        border-radius: 10px;\n        box-shadow: 0px 0px 20px rgba(0, 0, 0, 0.1);\n    }\n\n    .about-container h2 {\n        font-size: 28px;\n        color: #333;\n        margin-bottom: 20px;\n    }\n\n    .about-container p {\n        font-size: 18px;\n        color: #666;\n        line-height: 1.6;\n        margin-bottom: 20px;\n    }\n\n    .contact-info {\n        margin-top: 30px;\n    }\n\n    .contact-info p {\n        font-size: 18px;\n        color: #333;\n        margin-bottom: 10px;\n    }\n\n    .contact-info p span {\n        font-weight: bold;\n    }\n\n    \/* Mots-cl\u00e9s en gras et en bleu *\/\n    .seo-keywords {\n        font-weight: bold;\n        color: #007bff; \/* bleu *\/\n    }\n<\/style>\n\n<div class=\"about-container\">\n    <h2>\u00c0 propos de <span class=\"seo-keywords\">Info-Digital<\/span><\/h2>\n    <p><span class=\"seo-keywords\">Info-Digital<\/span> est une entreprise sp\u00e9cialis\u00e9e dans le domaine du <span class=\"seo-keywords\">d\u00e9pannage informatique \u00e0 Dijon<\/span> et ses environs. Nous mettons notre expertise au service des <span class=\"seo-keywords\">particuliers et des entreprises<\/span> depuis de nombreuses ann\u00e9es.<\/p>\n    \n    <p>Nos valeurs fondamentales reposent sur la qualit\u00e9 du service, la fiabilit\u00e9 et la satisfaction client. Nous nous engageons \u00e0 fournir des <span class=\"seo-keywords\">solutions informatiques<\/span> rapides, efficaces, \u00e0 des prix attractifs et adapt\u00e9es aux besoins de nos clients.<\/p>\n    \n    <p>Notre \u00e9quipe de professionnels qualifi\u00e9s est constamment form\u00e9e aux <span class=\"seo-keywords\">derni\u00e8res technologies<\/span> et tendances du <span class=\"seo-keywords\">secteur informatique<\/span> afin de vous offrir des services \u00e0 la pointe de l&#8217;innovation.<\/p>\n    \n    <div class=\"contact-info\">\n        <h2>Contact<\/h2>\n        <p><span class=\"seo-keywords\">Email :<\/span> info.digitalfr@gmail.com<\/p>\n        <p><span class=\"seo-keywords\">T\u00e9l\u00e9phone :<\/span> 07.69.95.38.13<\/p>\n        <p><span class=\"seo-keywords\">Adresse :<\/span> 45 Rue Marceau, Dijon (21000)<\/p>\n    <\/div>\n<\/div>\n\n","protected":false},"excerpt":{"rendered":"<p>\u00c0 propos de Info-Digital Info-Digital est une entreprise sp\u00e9cialis\u00e9e dans le domaine du d\u00e9pannage informatique \u00e0 Dijon et ses environs. Nous mettons notre expertise au service des particuliers et des entreprises depuis de nombreuses ann\u00e9es. Nos valeurs fondamentales reposent sur la qualit\u00e9 du service, la fiabilit\u00e9 et la satisfaction client. Nous nous engageons \u00e0 fournir &hellip; <\/p>\n<p class=\"link-more\"><a href=\"https:\/\/infodigital-dijon.fr\/index.php\/a-propos\/\" class=\"more-link\">Continue reading<span class=\"screen-reader-text\"> &#8220;A propos&#8221;<\/span><\/a><\/p>\n","protected":false},"author":1,"featured_media":0,"parent":0,"menu_order":0,"comment_status":"closed","ping_status":"closed","template":"","meta":{"_regular_price":[],"currency_symbol":[],"footnotes":""},"class_list":["post-39","page","type-page","status-publish","hentry"],"post_slider_layout_featured_media_urls":{"thumbnail":"","post_slider_layout_landscape_large":"","post_slider_layout_portrait_large":"","post_slider_layout_square_large":"","post_slider_layout_landscape":"","post_slider_layout_portrait":"","post_slider_layout_square":"","full":""},"_links":{"self":[{"href":"https:\/\/infodigital-dijon.fr\/index.php\/wp-json\/wp\/v2\/pages\/39","targetHints":{"allow":["GET"]}}],"collection":[{"href":"https:\/\/infodigital-dijon.fr\/index.php\/wp-json\/wp\/v2\/pages"}],"about":[{"href":"https:\/\/infodigital-dijon.fr\/index.php\/wp-json\/wp\/v2\/types\/page"}],"author":[{"embeddable":true,"href":"https:\/\/infodigital-dijon.fr\/index.php\/wp-json\/wp\/v2\/users\/1"}],"replies":[{"embeddable":true,"href":"https:\/\/infodigital-dijon.fr\/index.php\/wp-json\/wp\/v2\/comments?post=39"}],"version-history":[{"count":5,"href":"https:\/\/infodigital-dijon.fr\/index.php\/wp-json\/wp\/v2\/pages\/39\/revisions"}],"predecessor-version":[{"id":341,"href":"https:\/\/infodigital-dijon.fr\/index.php\/wp-json\/wp\/v2\/pages\/39\/revisions\/341"}],"wp:attachment":[{"href":"https:\/\/infodigital-dijon.fr\/index.php\/wp-json\/wp\/v2\/media?parent=39"}],"curies":[{"name":"wp","href":"https:\/\/api.w.org\/{rel}","templated":true}]}}